{"id":19780,"date":"2025-05-27T10:12:02","date_gmt":"2025-05-27T10:12:02","guid":{"rendered":"https:\/\/bbsbussolcart.it\/?page_id=19780"},"modified":"2026-04-27T10:41:47","modified_gmt":"2026-04-27T10:41:47","slug":"scatole-polistirolo-e-contenitori-termici","status":"publish","type":"page","link":"https:\/\/bbsbussolcart.it\/index.php\/scatole-polistirolo-e-contenitori-termici\/","title":{"rendered":"SCATOLE POLISTIROLO E CONTENITORI TERMICI"},"content":{"rendered":"\n<hr class=\"wp-block-separator has-alpha-channel-opacity is-style-wide\"\/>\n\n\n\n<h1 class=\"wp-block-heading\" style=\"font-size:24px\"><strong><strong>Scatole Standard Termiche in Polistirolo (EPS) &#8211; Sempre disponibili<\/strong><\/strong> &#8211; Spedizione in tutta Italia ed Europa<\/h1>\n\n\n\n<div class=\"wp-block-media-text is-stacked-on-mobile is-vertically-aligned-center\" style=\"grid-template-columns:27% auto\" id=\"scatola_polistirolo\"><figure class=\"wp-block-media-text__media\"><a href=\"https:\/\/bbsbussolcart.it\/wp-content\/uploads\/2026\/04\/scatole-polistirolo-termiche-produzione-italia.jpg.jpg\"><img loading=\"lazy\" decoding=\"async\" width=\"502\" height=\"1024\" src=\"https:\/\/bbsbussolcart.it\/wp-content\/uploads\/2026\/04\/scatole-polistirolo-termiche-produzione-italia.jpg-502x1024.jpg\" alt=\"\" class=\"wp-image-23506 size-full\" srcset=\"https:\/\/bbsbussolcart.it\/wp-content\/uploads\/2026\/04\/scatole-polistirolo-termiche-produzione-italia.jpg-502x1024.jpg 502w, https:\/\/bbsbussolcart.it\/wp-content\/uploads\/2026\/04\/scatole-polistirolo-termiche-produzione-italia.jpg-147x300.jpg 147w, https:\/\/bbsbussolcart.it\/wp-content\/uploads\/2026\/04\/scatole-polistirolo-termiche-produzione-italia.jpg.jpg 591w\" sizes=\"auto, (max-width: 502px) 100vw, 502px\" \/><\/a><\/figure><div class=\"wp-block-media-text__content\">\n<figure class=\"wp-block-table is-style-stripes is-style-stripes--1\" style=\"font-size:11px\"><table class=\"has-fixed-layout\"><tbody><tr><td>Codice Modello<\/td><td class=\"has-text-align-center\" data-align=\"center\">MISURE ESTERNE mm<\/td><td class=\"has-text-align-center\" data-align=\"center\">MISURE INTERNE mm<\/td><td class=\"has-text-align-center\" data-align=\"center\">Spessore Pareti mm<\/td><td class=\"has-text-align-center\" data-align=\"center\">Capacit\u00e0 espressa in Litri<\/td><td class=\"has-text-align-center\" data-align=\"center\">Pezzi per confezione<\/td><td class=\"has-text-align-center\" data-align=\"center\">Peso per calcolo CO.NA.I.<br>Polistirolo Gr.ca<\/td><td class=\"has-text-align-center\" data-align=\"center\">CPC<\/td><\/tr><tr><td>TRI (CUBIC 1)<\/td><td class=\"has-text-align-center\" data-align=\"center\">160x160xh160 <\/td><td class=\"has-text-align-center\" data-align=\"center\">100x100xh100<\/td><td class=\"has-text-align-center\" data-align=\"center\">30<\/td><td class=\"has-text-align-center\" data-align=\"center\">1<\/td><td class=\"has-text-align-center\" data-align=\"center\">84<\/td><td class=\"has-text-align-center\" data-align=\"center\">68<\/td><td class=\"has-text-align-center\" data-align=\"center\">V_<\/td><\/tr><tr><td>CUB (CUBIC 2)<\/td><td class=\"has-text-align-center\" data-align=\"center\">225x225xh205 <\/td><td class=\"has-text-align-center\" data-align=\"center\">150x150xh150<\/td><td class=\"has-text-align-center\" data-align=\"center\">32,5<\/td><td class=\"has-text-align-center\" data-align=\"center\">3,3<\/td><td class=\"has-text-align-center\" data-align=\"center\">48<\/td><td class=\"has-text-align-center\" data-align=\"center\">153<\/td><td class=\"has-text-align-center\" data-align=\"center\">V_<\/td><\/tr><tr><td>MAXI (CUBIC 3)<\/td><td class=\"has-text-align-center\" data-align=\"center\">340x340xh340 <\/td><td class=\"has-text-align-center\" data-align=\"center\">260x260xh260<\/td><td class=\"has-text-align-center\" data-align=\"center\">40<\/td><td class=\"has-text-align-center\" data-align=\"center\">17,5<\/td><td class=\"has-text-align-center\" data-align=\"center\">54<\/td><td class=\"has-text-align-center\" data-align=\"center\">460<\/td><td class=\"has-text-align-center\" data-align=\"center\">V_<\/td><\/tr><tr><td>QUADRA<\/td><td class=\"has-text-align-center\" data-align=\"center\">280x300xh160<\/td><td class=\"has-text-align-center\" data-align=\"center\">240x240xh100 <\/td><td class=\"has-text-align-center\" data-align=\"center\">20<\/td><td class=\"has-text-align-center\" data-align=\"center\">5,7<\/td><td class=\"has-text-align-center\" data-align=\"center\">120<\/td><td class=\"has-text-align-center\" data-align=\"center\">168<\/td><td class=\"has-text-align-center\" data-align=\"center\">V_<\/td><\/tr><tr><td>SAP_B<\/td><td class=\"has-text-align-center\" data-align=\"center\">275x225xh145<\/td><td class=\"has-text-align-center\" data-align=\"center\">215x165xh85 <\/td><td class=\"has-text-align-center\" data-align=\"center\">30<\/td><td class=\"has-text-align-center\" data-align=\"center\">3,0<\/td><td class=\"has-text-align-center\" data-align=\"center\">160 <\/td><td class=\"has-text-align-center\" data-align=\"center\">122<\/td><td class=\"has-text-align-center\" data-align=\"center\">V_<\/td><\/tr><tr><td>SAP_A<\/td><td class=\"has-text-align-center\" data-align=\"center\">275x225xh215<\/td><td class=\"has-text-align-center\" data-align=\"center\">215x165xh160<\/td><td class=\"has-text-align-center\" data-align=\"center\">30<\/td><td class=\"has-text-align-center\" data-align=\"center\">5,6<\/td><td class=\"has-text-align-center\" data-align=\"center\">120<\/td><td class=\"has-text-align-center\" data-align=\"center\">170<\/td><td class=\"has-text-align-center\" data-align=\"center\">V_<\/td><\/tr><tr><td>43_B<\/td><td class=\"has-text-align-center\" data-align=\"center\">400x300xh130<\/td><td class=\"has-text-align-center\" data-align=\"center\">365x265xh85<\/td><td class=\"has-text-align-center\" data-align=\"center\">17,5<\/td><td class=\"has-text-align-center\" data-align=\"center\">8,2<\/td><td class=\"has-text-align-center\" data-align=\"center\"> 120<\/td><td class=\"has-text-align-center\" data-align=\"center\">140<\/td><td class=\"has-text-align-center\" data-align=\"center\">V_<\/td><\/tr><tr><td>43_A<\/td><td class=\"has-text-align-center\" data-align=\"center\">400x300xh180<\/td><td class=\"has-text-align-center\" data-align=\"center\">365x265xh135<\/td><td class=\"has-text-align-center\" data-align=\"center\">17,5<\/td><td class=\"has-text-align-center\" data-align=\"center\">13,2<\/td><td class=\"has-text-align-center\" data-align=\"center\">120<\/td><td class=\"has-text-align-center\" data-align=\"center\">170<\/td><td class=\"has-text-align-center\" data-align=\"center\">V_<\/td><\/tr><tr><td>BASIC<\/td><td class=\"has-text-align-center\" data-align=\"center\">400x300xh260<\/td><td class=\"has-text-align-center\" data-align=\"center\">360x260xh185<\/td><td class=\"has-text-align-center\" data-align=\"center\">20<\/td><td class=\"has-text-align-center\" data-align=\"center\">17,3<\/td><td class=\"has-text-align-center\" data-align=\"center\">80<\/td><td class=\"has-text-align-center\" data-align=\"center\">305<\/td><td class=\"has-text-align-center\" data-align=\"center\">V_<\/td><\/tr><tr><td>FRES<\/td><td class=\"has-text-align-center\" data-align=\"center\">440x290xh265<\/td><td class=\"has-text-align-center\" data-align=\"center\">365x220xh200<\/td><td class=\"has-text-align-center\" data-align=\"center\">37,5<\/td><td class=\"has-text-align-center\" data-align=\"center\">16,0<\/td><td class=\"has-text-align-center\" data-align=\"center\">56<\/td><td class=\"has-text-align-center\" data-align=\"center\">340<\/td><td class=\"has-text-align-center\" data-align=\"center\">V_<\/td><\/tr><tr><td>FRES_A<\/td><td class=\"has-text-align-center\" data-align=\"center\">440x290xh400<\/td><td class=\"has-text-align-center\" data-align=\"center\">365x220xh350<\/td><td class=\"has-text-align-center\" data-align=\"center\">37,5<\/td><td class=\"has-text-align-center\" data-align=\"center\">28,1<\/td><td class=\"has-text-align-center\" data-align=\"center\"> 40<\/td><td class=\"has-text-align-center\" data-align=\"center\">503<\/td><td class=\"has-text-align-center\" data-align=\"center\">V_<\/td><\/tr><tr><td>CAS_6<\/td><td class=\"has-text-align-center\" data-align=\"center\">505x320xh170<\/td><td class=\"has-text-align-center\" data-align=\"center\">465x285xh135<\/td><td class=\"has-text-align-center\" data-align=\"center\">20<\/td><td class=\"has-text-align-center\" data-align=\"center\">17,8<\/td><td class=\"has-text-align-center\" data-align=\"center\">77<\/td><td class=\"has-text-align-center\" data-align=\"center\">175<\/td><td class=\"has-text-align-center\" data-align=\"center\">V_<\/td><\/tr><tr><td>OPTIMA<\/td><td class=\"has-text-align-center\" data-align=\"center\">550x350xh250<\/td><td class=\"has-text-align-center\" data-align=\"center\">500x300xh200<\/td><td class=\"has-text-align-center\" data-align=\"center\">25<\/td><td class=\"has-text-align-center\" data-align=\"center\">30,4<\/td><td class=\"has-text-align-center\" data-align=\"center\">48<\/td><td class=\"has-text-align-center\" data-align=\"center\">306<\/td><td class=\"has-text-align-center\" data-align=\"center\">V_<\/td><\/tr><tr><td>G_B<\/td><td class=\"has-text-align-center\" data-align=\"center\">600x400xh190<\/td><td class=\"has-text-align-center\" data-align=\"center\">540x340xh120<\/td><td class=\"has-text-align-center\" data-align=\"center\">30<\/td><td class=\"has-text-align-center\" data-align=\"center\">22,0<\/td><td class=\"has-text-align-center\" data-align=\"center\">50<\/td><td class=\"has-text-align-center\" data-align=\"center\">518<\/td><td class=\"has-text-align-center\" data-align=\"center\">V_<\/td><\/tr><tr><td>G_MB_LIGHT<\/td><td class=\"has-text-align-center\" data-align=\"center\">600x400xh285<\/td><td class=\"has-text-align-center\" data-align=\"center\">546x346xh215 <\/td><td class=\"has-text-align-center\" data-align=\"center\">27<\/td><td class=\"has-text-align-center\" data-align=\"center\">40,6<\/td><td class=\"has-text-align-center\" data-align=\"center\">32<\/td><td class=\"has-text-align-center\" data-align=\"center\">610<\/td><td class=\"has-text-align-center\" data-align=\"center\">V_<\/td><\/tr><tr><td>G_MA<\/td><td class=\"has-text-align-center\" data-align=\"center\">600x400xh240<\/td><td class=\"has-text-align-center\" data-align=\"center\">540x340xh170<\/td><td class=\"has-text-align-center\" data-align=\"center\">30<\/td><td class=\"has-text-align-center\" data-align=\"center\">31,2<\/td><td class=\"has-text-align-center\" data-align=\"center\">40<\/td><td class=\"has-text-align-center\" data-align=\"center\">580<\/td><td class=\"has-text-align-center\" data-align=\"center\">V_<\/td><\/tr><tr><td>GEN_10 (G_A)<\/td><td class=\"has-text-align-center\" data-align=\"center\">600x400xh370<\/td><td class=\"has-text-align-center\" data-align=\"center\">540x340xh300<\/td><td class=\"has-text-align-center\" data-align=\"center\">30<\/td><td class=\"has-text-align-center\" data-align=\"center\">55,0<\/td><td class=\"has-text-align-center\" data-align=\"center\">20<\/td><td class=\"has-text-align-center\" data-align=\"center\">742<\/td><td class=\"has-text-align-center\" data-align=\"center\">V_<\/td><\/tr><tr><td>G_A2<\/td><td class=\"has-text-align-center\" data-align=\"center\">595x395xh475<\/td><td class=\"has-text-align-center\" data-align=\"center\">535x335xh415<\/td><td class=\"has-text-align-center\" data-align=\"center\">30<\/td><td class=\"has-text-align-center\" data-align=\"center\">74,3<\/td><td class=\"has-text-align-center\" data-align=\"center\">20<\/td><td class=\"has-text-align-center\" data-align=\"center\">760<\/td><td class=\"has-text-align-center\" data-align=\"center\">V_<\/td><\/tr><tr><td>BIG (SIN_COP*)<\/td><td class=\"has-text-align-center\" data-align=\"center\">795x565xh325<\/td><td class=\"has-text-align-center\" data-align=\"center\">725x495xh270*<\/td><td class=\"has-text-align-center\" data-align=\"center\">35<\/td><td class=\"has-text-align-center\" data-align=\"center\">96,8<\/td><td class=\"has-text-align-center\" data-align=\"center\">12<\/td><td class=\"has-text-align-center\" data-align=\"center\">1079<\/td><td class=\"has-text-align-center\" data-align=\"center\">V_<\/td><\/tr><tr><td>BIG_A<\/td><td class=\"has-text-align-center\" data-align=\"center\">795x565xh455<\/td><td class=\"has-text-align-center\" data-align=\"center\">725x495xh270+115<\/td><td class=\"has-text-align-center\" data-align=\"center\">35<\/td><td class=\"has-text-align-center\" data-align=\"center\">138,1<\/td><td class=\"has-text-align-center\" data-align=\"center\">8<\/td><td class=\"has-text-align-center\" data-align=\"center\">1456<\/td><td class=\"has-text-align-center\" data-align=\"center\">V_<\/td><\/tr><\/tbody><\/table><\/figure>\n\n\n\n<h2 class=\"wp-block-heading\" style=\"font-size:12px;font-style:normal;font-weight:500\"><strong>NOTA BENE : LE SCATOLE IN CARTONE ESTERNE SONO DISPONIBILI PER TUTTI I MODELLI DI CONTENITORI IN POLISTIROLO<\/strong><\/h2>\n<\/div><\/div>\n\n\n\n<hr class=\"wp-block-separator has-alpha-channel-opacity is-style-wide\"\/>\n\n\n\n<div style=\"height:10px\" aria-hidden=\"true\" class=\"wp-block-spacer\"><\/div>\n\n\n\n<h1 class=\"wp-block-heading has-text-align-left\" style=\"font-size:24px\"><strong><strong><strong>Scatole Termiche in Polistirolo (EPS)<\/strong><\/strong> con Sistema a Intercapedine: Produzione e Spedizione in tutta Italia<\/strong><\/h1>\n\n\n\n<div style=\"height:5px\" aria-hidden=\"true\" class=\"wp-block-spacer\"><\/div>\n\n\n\n<p class=\"has-text-align-center has-black-color has-text-color has-link-color wp-elements-f749f74715d63bfcedf37bce35f12d1b\" style=\"font-size:16px\"><em>BBS BUSSOLCART, storico scatolificio, progetta, produce e fornisce sistemi avanzati per la catena del freddo. Grazie alla nostra logistica integrata, garantiamo la&nbsp;<strong>fornitura rapida dei nostri imballi termici standard o per specifici utilizzi, anche su misura, ad aziende, farmacie e produttori in ogni regione d&#8217;Italia<\/strong><\/em><\/p>\n\n\n\n<div style=\"height:10px\" aria-hidden=\"true\" class=\"wp-block-spacer\"><\/div>\n\n\n\n<div class=\"wp-block-media-text is-stacked-on-mobile\" style=\"grid-template-columns:25% auto\"><figure class=\"wp-block-media-text__media\"><a href=\"https:\/\/bbsbussolcart.it\/wp-content\/uploads\/2026\/04\/scatole-termiche-in-polistirolo-eps-con-tecnologia-a-intercapedine.jpg\"><img loading=\"lazy\" decoding=\"async\" width=\"620\" height=\"1024\" src=\"https:\/\/bbsbussolcart.it\/wp-content\/uploads\/2026\/04\/scatole-termiche-in-polistirolo-eps-con-tecnologia-a-intercapedine-620x1024.jpg\" alt=\"\" class=\"wp-image-23497 size-full\" srcset=\"https:\/\/bbsbussolcart.it\/wp-content\/uploads\/2026\/04\/scatole-termiche-in-polistirolo-eps-con-tecnologia-a-intercapedine-620x1024.jpg 620w, https:\/\/bbsbussolcart.it\/wp-content\/uploads\/2026\/04\/scatole-termiche-in-polistirolo-eps-con-tecnologia-a-intercapedine-182x300.jpg 182w, https:\/\/bbsbussolcart.it\/wp-content\/uploads\/2026\/04\/scatole-termiche-in-polistirolo-eps-con-tecnologia-a-intercapedine.jpg 650w\" sizes=\"auto, (max-width: 620px) 100vw, 620px\" \/><\/a><\/figure><div class=\"wp-block-media-text__content\">\n<p class=\"has-black-color has-text-color has-link-color wp-elements-10de2f32fa25b118dee66b95c8ddef6c\" style=\"font-size:15px\"><strong><strong>Le scatole GEN PLUS studiate per mantenere a lungo le basse temperatura e i tuoi prodotti all&#8217;asciutto<\/strong><\/strong><\/p>\n\n\n\n<details class=\"wp-block-details is-layout-flow wp-block-details-is-layout-flow\"><summary>Grazie allo speciale interno perimetrale in cartone, realizzato con apposita sagoma, si crea una intercapedine che evita il contatto diretto tra il polistirolo ed il Vostro prodotto, in questa intercapedine, sar\u00e0 inoltre possibile inserire panetti di ghiaccio o altro materiale refrigerante, che non sar\u00e0 mai in contatto diretto con il vostro prodotto, evitando cos\u00ec possibili danneggiamenti dello stesso derivanti da eventuale umidit\u00e0 ed ottenendo il pi\u00f9 delle volte anche un allungamento temporale della durata termica.<br>Ricordiamo che per verificare il tempo di mantenimento della temperatura all&#8217;interno della scatola prima dell&#8217;inizio del suo decadimento ed i valori della temperatura stessa (al momento dell&#8217;imballo, durante il viaggio ed all&#8217;arrivo dell&#8217;imballo a destinazione) sono necessarie specifiche prove, che noi non possiamo fornire, poich\u00e9 dipendenti da molti fattori e non soltanto dall&#8217;ottima qualit\u00e0 dell&#8217;imballo.<\/summary>\n<p><\/p>\n<\/details>\n\n\n\n<figure class=\"wp-block-table is-style-stripes is-style-stripes--2\" style=\"font-size:11px\"><table class=\"has-fixed-layout\"><tbody><tr><td>Codice Modello<\/td><td class=\"has-text-align-center\" data-align=\"center\">Dimensioni ~ Esterne Scatola Cartone mm <\/td><td class=\"has-text-align-center\" data-align=\"center\">Dimensioni utili entro perimetro sagoma cartone <\/td><td class=\"has-text-align-center\" data-align=\"center\">Spessore pareti polistirolo mm<\/td><td class=\"has-text-align-center\" data-align=\"center\">Capacit\u00e0 Litri senza intercapedine<\/td><td class=\"has-text-align-center\" data-align=\"center\">Pezzi per confezione<\/td><td class=\"has-text-align-center\" data-align=\"center\">Peso per calcolo CO.NA.I.<br>Polistirolo Gr.ca<\/td><td class=\"has-text-align-center\" data-align=\"center\">Peso per calcolo CO.NA.I. Cartone Gr.ca<\/td><\/tr><tr><td>GENPLUS_TRI 1<\/td><td class=\"has-text-align-center\" data-align=\"center\">175x175xh175<\/td><td class=\"has-text-align-center\" data-align=\"center\">INFERIORI A 100x100xh100<\/td><td class=\"has-text-align-center\" data-align=\"center\">30<\/td><td class=\"has-text-align-center\" data-align=\"center\">&lt; 1<\/td><td class=\"has-text-align-center\" data-align=\"center\"><\/td><td class=\"has-text-align-center\" data-align=\"center\">68<\/td><td class=\"has-text-align-center\" data-align=\"center\"><\/td><\/tr><tr><td>GENPLUS_CUB2<\/td><td class=\"has-text-align-center\" data-align=\"center\">240x240xh220<\/td><td class=\"has-text-align-center\" data-align=\"center\">INFERIORI A 150x150xh150<\/td><td class=\"has-text-align-center\" data-align=\"center\">32,5<\/td><td class=\"has-text-align-center\" data-align=\"center\">&lt; 3,3<\/td><td class=\"has-text-align-center\" data-align=\"center\"><\/td><td class=\"has-text-align-center\" data-align=\"center\">153<\/td><td class=\"has-text-align-center\" data-align=\"center\"><\/td><\/tr><tr><td>GENPLUS_CUB3<\/td><td class=\"has-text-align-center\" data-align=\"center\">355x355xh355 <\/td><td class=\"has-text-align-center\" data-align=\"center\">INFERIORI A 260x260xh260<\/td><td class=\"has-text-align-center\" data-align=\"center\">40<\/td><td class=\"has-text-align-center\" data-align=\"center\">&lt; 17,5<\/td><td class=\"has-text-align-center\" data-align=\"center\"><\/td><td class=\"has-text-align-center\" data-align=\"center\">460<\/td><td class=\"has-text-align-center\" data-align=\"center\"><\/td><\/tr><tr><td>GENPLUS_10<\/td><td class=\"has-text-align-center\" data-align=\"center\">610x410xh385<\/td><td class=\"has-text-align-center\" data-align=\"center\">INFERIORI A 540x340xh300<\/td><td class=\"has-text-align-center\" data-align=\"center\">30<\/td><td class=\"has-text-align-center\" data-align=\"center\">&lt; 55<\/td><td class=\"has-text-align-center\" data-align=\"center\"><\/td><td class=\"has-text-align-center\" data-align=\"center\">742<\/td><td class=\"has-text-align-center\" data-align=\"center\">1200 + Separatori<\/td><\/tr><tr><td>GENPLUS_BIG<\/td><td class=\"has-text-align-center\" data-align=\"center\">810x580xh480<\/td><td class=\"has-text-align-center\" data-align=\"center\">INFERIORI A 795x565xh\/455<\/td><td class=\"has-text-align-center\" data-align=\"center\">35<\/td><td class=\"has-text-align-center\" data-align=\"center\">&lt; 138,1<\/td><td class=\"has-text-align-center\" data-align=\"center\"><\/td><td class=\"has-text-align-center\" data-align=\"center\">1456<\/td><td class=\"has-text-align-center\" data-align=\"center\">2980 + Separatori<\/td><\/tr><\/tbody><\/table><\/figure>\n\n\n\n<h2 class=\"wp-block-heading\" style=\"font-size:11px;font-style:normal;font-weight:500\"><strong>NOTA BENE :<\/strong> Con il SISTEMA GENPLUS sono realizzabili tutti i modelli di scatole in polistirolo, anche quelli non indicati in questa lista.<\/h2>\n\n\n\n<ul class=\"wp-block-list\">\n<li><strong>Produzione Diretta:<\/strong>&nbsp;Realizziamo questi imballi, garantendo prezzi di fabbrica senza intermediari.<\/li>\n\n\n\n<li><strong>Spedizioni in 24\/48 ore:<\/strong>&nbsp;Gestiamo ordini in tutta Italia, dalle piccole campionature ai grandi volumi industriali.<\/li>\n\n\n\n<li><strong>Protezione Totale:<\/strong>&nbsp;Ideale per l&#8217;e-commerce alimentare e il settore farmaceutico che richiedono standard elevati.<\/li>\n<\/ul>\n\n\n\n<blockquote class=\"wp-block-quote is-layout-flow wp-block-quote-is-layout-flow\">\n<p class=\"has-black-color has-text-color has-link-color wp-elements-099c7262a88855642eae57653d794483\"><em>La nostra tecnologia a intercapedine nasce a Milano ma viaggia in tutta Italia e nel Mondo. Offriamo consulenza tecnica anche telefonica per aiutare le aziende a configurare l&#8217;imballo perfetto per le proprie spedizioni a basse  o bassissime temperature<\/em>.<\/p>\n<\/blockquote>\n\n\n\n<blockquote class=\"wp-block-quote is-layout-flow wp-block-quote-is-layout-flow\">\n<blockquote class=\"wp-block-quote is-layout-flow wp-block-quote-is-layout-flow\">\n<p><\/p>\n<\/blockquote>\n<\/blockquote>\n<\/div><\/div>\n\n\n\n<div style=\"height:10px\" aria-hidden=\"true\" class=\"wp-block-spacer\"><\/div>\n\n\n\n<hr class=\"wp-block-separator has-alpha-channel-opacity is-style-wide\"\/>\n\n\n\n<div class=\"wp-block-media-text is-stacked-on-mobile\" style=\"grid-template-columns:25% auto\"><figure class=\"wp-block-media-text__media\"><a href=\"https:\/\/bbsbussolcart.it\/wp-content\/uploads\/2026\/04\/scatole-in-polistirolo.jpg\"><img loading=\"lazy\" decoding=\"async\" width=\"512\" height=\"649\" src=\"https:\/\/bbsbussolcart.it\/wp-content\/uploads\/2026\/04\/scatole-in-polistirolo.jpg\" alt=\"\" class=\"wp-image-23557 size-full\" srcset=\"https:\/\/bbsbussolcart.it\/wp-content\/uploads\/2026\/04\/scatole-in-polistirolo.jpg 512w, https:\/\/bbsbussolcart.it\/wp-content\/uploads\/2026\/04\/scatole-in-polistirolo-237x300.jpg 237w\" sizes=\"auto, (max-width: 512px) 100vw, 512px\" \/><\/a><\/figure><div class=\"wp-block-media-text__content\">\n<h2 class=\"wp-block-heading has-small-font-size\" style=\"font-style:normal;font-weight:500\"><strong>SCATOLE PER PALLET CON INTERNO IN POLISITIRO<\/strong>LO<\/h2>\n\n\n\n<figure class=\"wp-block-table is-style-stripes is-style-stripes--3\"><table class=\"has-fixed-layout\"><tbody><tr><td>PE_PLUS_80<\/td><td>80x60x60<\/td><td>Altezza modulabile<\/td><\/tr><tr><td>PE_PLUS_120<\/td><td>120x80x90<\/td><td>Altezza modulabile<\/td><\/tr><\/tbody><\/table><\/figure>\n<\/div><\/div>\n\n\n\n<h2 class=\"wp-block-heading has-white-color has-text-color has-link-color has-small-font-size wp-elements-b7603847ec1a53e18e1719b5e0b31711\">UTILIZZI DI TUTTI I TIPI, SCATOLE POLISTIROLO PER ALIMENTI, SCATOLE POLISTIROLO PER FARMACI.<\/h2>\n","protected":false},"excerpt":{"rendered":"<p>Scatole Standard Termiche in Polistirolo (EPS) &#8211; Sempre disponibili &#8211; Spedizione in tutta Italia ed Europa Codice Modello MISURE ESTERNE mm MISURE INTERNE mm Spessore Pareti mm Capacit\u00e0 espressa in Litri Pezzi per confezione Peso per calcolo CO.NA.I.Polistirolo Gr.ca CPC TRI (CUBIC 1) 160x160xh160 100x100xh100 30 1 84 68 V_ CUB (CUBIC 2) 225x225xh205 150x150xh150 [&hellip;]<\/p>\n","protected":false},"author":1,"featured_media":0,"parent":0,"menu_order":0,"comment_status":"closed","ping_status":"closed","template":"","meta":{"footnotes":""},"class_list":["post-19780","page","type-page","status-publish","hentry"],"_links":{"self":[{"href":"https:\/\/bbsbussolcart.it\/index.php\/wp-json\/wp\/v2\/pages\/19780","targetHints":{"allow":["GET"]}}],"collection":[{"href":"https:\/\/bbsbussolcart.it\/index.php\/wp-json\/wp\/v2\/pages"}],"about":[{"href":"https:\/\/bbsbussolcart.it\/index.php\/wp-json\/wp\/v2\/types\/page"}],"author":[{"embeddable":true,"href":"https:\/\/bbsbussolcart.it\/index.php\/wp-json\/wp\/v2\/users\/1"}],"replies":[{"embeddable":true,"href":"https:\/\/bbsbussolcart.it\/index.php\/wp-json\/wp\/v2\/comments?post=19780"}],"version-history":[{"count":146,"href":"https:\/\/bbsbussolcart.it\/index.php\/wp-json\/wp\/v2\/pages\/19780\/revisions"}],"predecessor-version":[{"id":23560,"href":"https:\/\/bbsbussolcart.it\/index.php\/wp-json\/wp\/v2\/pages\/19780\/revisions\/23560"}],"wp:attachment":[{"href":"https:\/\/bbsbussolcart.it\/index.php\/wp-json\/wp\/v2\/media?parent=19780"}],"curies":[{"name":"wp","href":"https:\/\/api.w.org\/{rel}","templated":true}]}}